{"id":5,"date":"2020-08-16T14:15:07","date_gmt":"2020-08-16T14:15:07","guid":{"rendered":"https:\/\/marktmusik-treffen.at\/wordpress\/?page_id=5"},"modified":"2026-03-28T10:37:42","modified_gmt":"2026-03-28T10:37:42","slug":"willkommen","status":"publish","type":"page","link":"https:\/\/marktmusik-treffen.at\/wordpress\/","title":{"rendered":"Herzlich Willkommen bei der Marktmusik Treffen"},"content":{"rendered":"\n<p class=\"has-text-align-center has-large-font-size\"><strong><span class=\"has-inline-color has-accent-color\">Nit de besten, oba dafia de lustigsten!<\/span><\/strong><\/p>\n\n\n\n<p>Wir san&#8230;&#8230;<\/p>\n\n\n\n<p>Madln und Buam zwischen 10 und ?? Jahren:<br>Sch\u00fcler, Studenten, Auszubildende und &#8222;Vollsch\u00f6pfer&#8220;, denen es riesigen Spa\u00df macht in Blech und Holz zu blasen oder auf Trommeln, Pauken und Becken kr\u00e4ftig einzuschlagen, damit unter der Leitung unseres Kapellmeisters sagenhafte Musik erklingt!<\/p>\n\n\n\n<figure class=\"wp-block-image size-large\"><img fetchpriority=\"high\" decoding=\"async\" width=\"1024\" height=\"665\" src=\"https:\/\/marktmusik-treffen.at\/wordpress\/wp-content\/uploads\/2025\/11\/2xGesamteKapelle_Spass1-1024x665.jpg\" alt=\"\" class=\"wp-image-2807\" srcset=\"https:\/\/marktmusik-treffen.at\/wordpress\/wp-content\/uploads\/2025\/11\/2xGesamteKapelle_Spass1-1024x665.jpg 1024w, https:\/\/marktmusik-treffen.at\/wordpress\/wp-content\/uploads\/2025\/11\/2xGesamteKapelle_Spass1-300x195.jpg 300w, https:\/\/marktmusik-treffen.at\/wordpress\/wp-content\/uploads\/2025\/11\/2xGesamteKapelle_Spass1-768x498.jpg 768w, https:\/\/marktmusik-treffen.at\/wordpress\/wp-content\/uploads\/2025\/11\/2xGesamteKapelle_Spass1-1536x997.jpg 1536w, https:\/\/marktmusik-treffen.at\/wordpress\/wp-content\/uploads\/2025\/11\/2xGesamteKapelle_Spass1-2048x1329.jpg 2048w, https:\/\/marktmusik-treffen.at\/wordpress\/wp-content\/uploads\/2025\/11\/2xGesamteKapelle_Spass1-800x519.jpg 800w\" sizes=\"(max-width: 1024px) 100vw, 1024px\" \/><\/figure>\n\n\n\n<p>Von traditioneller Blasmusik \u00fcber moderne &#8222;Ohrw\u00fcrmer&#8220; bis zu sinfonischen Werken, beim Marsch, im Festzelt und im Konzertsaal.<\/p>\n\n\n\n<hr class=\"wp-block-separator has-alpha-channel-opacity is-style-wide\"\/>\n\n\n\n<p class=\"has-text-align-left\">F\u00fcr mehr lustige Momente mit der Marktmusik Treffen, besucht uns doch gerne mal auf unseren Social Media Kan\u00e4len:<\/p>\n\n\n\n<ul class=\"wp-block-social-links has-huge-icon-size is-content-justification-center is-layout-flex wp-container-core-social-links-is-layout-16018d1d wp-block-social-links-is-layout-flex\"><li class=\"wp-social-link wp-social-link-instagram  wp-block-social-link\"><a href=\"https:\/\/www.instagram.com\/marktmusik_treffen\/?hl=de\" class=\"wp-block-social-link-anchor\"><svg width=\"24\" height=\"24\" viewBox=\"0 0 24 24\" version=\"1.1\" xmlns=\"http:\/\/www.w3.org\/2000\/svg\" aria-hidden=\"true\" focusable=\"false\"><path d=\"M12,4.622c2.403,0,2.688,0.009,3.637,0.052c0.877,0.04,1.354,0.187,1.671,0.31c0.42,0.163,0.72,0.358,1.035,0.673 c0.315,0.315,0.51,0.615,0.673,1.035c0.123,0.317,0.27,0.794,0.31,1.671c0.043,0.949,0.052,1.234,0.052,3.637 s-0.009,2.688-0.052,3.637c-0.04,0.877-0.187,1.354-0.31,1.671c-0.163,0.42-0.358,0.72-0.673,1.035 c-0.315,0.315-0.615,0.51-1.035,0.673c-0.317,0.123-0.794,0.27-1.671,0.31c-0.949,0.043-1.233,0.052-3.637,0.052 s-2.688-0.009-3.637-0.052c-0.877-0.04-1.354-0.187-1.671-0.31c-0.42-0.163-0.72-0.358-1.035-0.673 c-0.315-0.315-0.51-0.615-0.673-1.035c-0.123-0.317-0.27-0.794-0.31-1.671C4.631,14.688,4.622,14.403,4.622,12 s0.009-2.688,0.052-3.637c0.04-0.877,0.187-1.354,0.31-1.671c0.163-0.42,0.358-0.72,0.673-1.035 c0.315-0.315,0.615-0.51,1.035-0.673c0.317-0.123,0.794-0.27,1.671-0.31C9.312,4.631,9.597,4.622,12,4.622 M12,3 C9.556,3,9.249,3.01,8.289,3.054C7.331,3.098,6.677,3.25,6.105,3.472C5.513,3.702,5.011,4.01,4.511,4.511 c-0.5,0.5-0.808,1.002-1.038,1.594C3.25,6.677,3.098,7.331,3.054,8.289C3.01,9.249,3,9.556,3,12c0,2.444,0.01,2.751,0.054,3.711 c0.044,0.958,0.196,1.612,0.418,2.185c0.23,0.592,0.538,1.094,1.038,1.594c0.5,0.5,1.002,0.808,1.594,1.038 c0.572,0.222,1.227,0.375,2.185,0.418C9.249,20.99,9.556,21,12,21s2.751-0.01,3.711-0.054c0.958-0.044,1.612-0.196,2.185-0.418 c0.592-0.23,1.094-0.538,1.594-1.038c0.5-0.5,0.808-1.002,1.038-1.594c0.222-0.572,0.375-1.227,0.418-2.185 C20.99,14.751,21,14.444,21,12s-0.01-2.751-0.054-3.711c-0.044-0.958-0.196-1.612-0.418-2.185c-0.23-0.592-0.538-1.094-1.038-1.594 c-0.5-0.5-1.002-0.808-1.594-1.038c-0.572-0.222-1.227-0.375-2.185-0.418C14.751,3.01,14.444,3,12,3L12,3z M12,7.378 c-2.552,0-4.622,2.069-4.622,4.622S9.448,16.622,12,16.622s4.622-2.069,4.622-4.622S14.552,7.378,12,7.378z M12,15 c-1.657,0-3-1.343-3-3s1.343-3,3-3s3,1.343,3,3S13.657,15,12,15z M16.804,6.116c-0.596,0-1.08,0.484-1.08,1.08 s0.484,1.08,1.08,1.08c0.596,0,1.08-0.484,1.08-1.08S17.401,6.116,16.804,6.116z\"><\/path><\/svg><span class=\"wp-block-social-link-label screen-reader-text\">Instagram<\/span><\/a><\/li>\n\n<li class=\"wp-social-link wp-social-link-facebook  wp-block-social-link\"><a href=\"https:\/\/www.facebook.com\/pages\/category\/Musician-Band\/Marktmusik-Treffen-1470309033205850\/\" class=\"wp-block-social-link-anchor\"><svg width=\"24\" height=\"24\" viewBox=\"0 0 24 24\" version=\"1.1\" xmlns=\"http:\/\/www.w3.org\/2000\/svg\" aria-hidden=\"true\" focusable=\"false\"><path d=\"M12 2C6.5 2 2 6.5 2 12c0 5 3.7 9.1 8.4 9.9v-7H7.9V12h2.5V9.8c0-2.5 1.5-3.9 3.8-3.9 1.1 0 2.2.2 2.2.2v2.5h-1.3c-1.2 0-1.6.8-1.6 1.6V12h2.8l-.4 2.9h-2.3v7C18.3 21.1 22 17 22 12c0-5.5-4.5-10-10-10z\"><\/path><\/svg><span class=\"wp-block-social-link-label screen-reader-text\">Facebook<\/span><\/a><\/li><\/ul>\n\n\n\n<div class=\"wp-block-group alignfull has-background-color has-white-color has-black-background-color has-text-color has-background has-link-color wp-elements-18b8bf5a5d5679161fb80a2dac0f7293 is-vertical is-content-justification-stretch is-layout-flex wp-container-core-group-is-layout-47eb2bc5 wp-block-group-is-layout-flex\" style=\"min-height:40vh;margin-top:0;margin-bottom:0;padding-top:var(--wp--preset--spacing--60);padding-right:var(--wp--preset--spacing--40);padding-bottom:var(--wp--preset--spacing--60);padding-left:var(--wp--preset--spacing--40)\">\n<div class=\"wp-block-columns alignwide has-small-font-size is-layout-flex wp-container-core-columns-is-layout-9d6595d7 wp-block-columns-is-layout-flex\">\n<div class=\"wp-block-column is-vertically-aligned-top is-layout-flow wp-block-column-is-layout-flow\">\n<p class=\"has-text-align-center\">Kontakt<br><strong>MARKTMUSIK TREFFEN<\/strong><br>office@marktmusik-treffen.at<br>Obmann DI Christof Seymann<br>Tel.: 0664 323 8021<\/p>\n<\/div>\n<\/div>\n<\/div>\n","protected":false},"excerpt":{"rendered":"<p>Nit de besten, oba dafia de lustigsten! Wir san&#8230;&#8230; Madln und Buam zwischen 10 und ?? Jahren:Sch\u00fcler, Studenten, Auszubildende und &#8222;Vollsch\u00f6pfer&#8220;, denen es riesigen Spa\u00df macht in Blech und Holz zu blasen oder auf Trommeln, Pauken und Becken kr\u00e4ftig einzuschlagen, damit unter der Leitung unseres Kapellmeisters sagenhafte Musik erklingt! Von traditioneller Blasmusik \u00fcber moderne &#8222;Ohrw\u00fcrmer&#8220; [&hellip;]<\/p>\n","protected":false},"author":1,"featured_media":246,"parent":0,"menu_order":0,"comment_status":"closed","ping_status":"closed","template":"","meta":{"ngg_post_thumbnail":0,"footnotes":""},"class_list":["post-5","page","type-page","status-publish","has-post-thumbnail","hentry","has-featured-image"],"_links":{"self":[{"href":"https:\/\/marktmusik-treffen.at\/wordpress\/index.php\/wp-json\/wp\/v2\/pages\/5","targetHints":{"allow":["GET"]}}],"collection":[{"href":"https:\/\/marktmusik-treffen.at\/wordpress\/index.php\/wp-json\/wp\/v2\/pages"}],"about":[{"href":"https:\/\/marktmusik-treffen.at\/wordpress\/index.php\/wp-json\/wp\/v2\/types\/page"}],"author":[{"embeddable":true,"href":"https:\/\/marktmusik-treffen.at\/wordpress\/index.php\/wp-json\/wp\/v2\/users\/1"}],"replies":[{"embeddable":true,"href":"https:\/\/marktmusik-treffen.at\/wordpress\/index.php\/wp-json\/wp\/v2\/comments?post=5"}],"version-history":[{"count":29,"href":"https:\/\/marktmusik-treffen.at\/wordpress\/index.php\/wp-json\/wp\/v2\/pages\/5\/revisions"}],"predecessor-version":[{"id":2945,"href":"https:\/\/marktmusik-treffen.at\/wordpress\/index.php\/wp-json\/wp\/v2\/pages\/5\/revisions\/2945"}],"wp:featuredmedia":[{"embeddable":true,"href":"https:\/\/marktmusik-treffen.at\/wordpress\/index.php\/wp-json\/wp\/v2\/media\/246"}],"wp:attachment":[{"href":"https:\/\/marktmusik-treffen.at\/wordpress\/index.php\/wp-json\/wp\/v2\/media?parent=5"}],"curies":[{"name":"wp","href":"https:\/\/api.w.org\/{rel}","templated":true}]}}