{"id":212,"date":"2020-08-17T14:11:04","date_gmt":"2020-08-17T14:11:04","guid":{"rendered":"https:\/\/marktmusik-treffen.at\/wordpress\/?page_id=212"},"modified":"2022-09-28T17:32:58","modified_gmt":"2022-09-28T17:32:58","slug":"freundschaft-grenzenlos","status":"publish","type":"page","link":"https:\/\/marktmusik-treffen.at\/wordpress\/index.php\/freundschaft-grenzenlos\/","title":{"rendered":"Freundschaft Grenzenlos"},"content":{"rendered":"\n<div class=\"wp-block-image\"><figure class=\"aligncenter size-large is-resized\"><img fetchpriority=\"high\" decoding=\"async\" src=\"https:\/\/marktmusik-treffen.at\/wordpress\/wp-content\/uploads\/2020\/08\/Freundschaft-Grenzenlos.jpg\" alt=\"\" class=\"wp-image-225\" width=\"242\" height=\"244\" srcset=\"https:\/\/marktmusik-treffen.at\/wordpress\/wp-content\/uploads\/2020\/08\/Freundschaft-Grenzenlos.jpg 513w, https:\/\/marktmusik-treffen.at\/wordpress\/wp-content\/uploads\/2020\/08\/Freundschaft-Grenzenlos-298x300.jpg 298w, https:\/\/marktmusik-treffen.at\/wordpress\/wp-content\/uploads\/2020\/08\/Freundschaft-Grenzenlos-150x150.jpg 150w\" sizes=\"(max-width: 242px) 100vw, 242px\" \/><\/figure><\/div>\n\n\n<p><\/p>\n\n\n<\/p>\n<h1 style=\"text-align: center;\"><span style=\"color: #800000;\"><strong>Partnerschaft<\/strong><\/span><\/h1>\n<p><span style=\"color: #800000;\">\n\n\n\n<\/span><\/p>\n<p style=\"text-align: center;\">Mit der Unterzeichnung der St\u00e4dtepartnerschaft zwischen \u00d6hringen und Treffen am 21. Oktober 1995 wurde auch die Partnerschaft zwischen den beiden Kapellen offiziell.<\/p>\n<p>\n\n\n<p><\/p>\n\n\n<figure class=\"wp-block-gallery columns-1 is-cropped wp-block-gallery-1 is-layout-flex wp-block-gallery-is-layout-flex\"><ul class=\"blocks-gallery-grid\"><li class=\"blocks-gallery-item\"><figure><img decoding=\"async\" width=\"1024\" height=\"680\" src=\"https:\/\/marktmusik-treffen.at\/wordpress\/wp-content\/uploads\/2020\/08\/inCapriva-1024x680.jpg\" alt=\"\" data-id=\"219\" data-full-url=\"https:\/\/marktmusik-treffen.at\/wordpress\/wp-content\/uploads\/2020\/08\/inCapriva.jpg\" data-link=\"https:\/\/marktmusik-treffen.at\/wordpress\/index.php\/freundschaft-grenzenlos\/incapriva\/\" class=\"wp-image-219\" srcset=\"https:\/\/marktmusik-treffen.at\/wordpress\/wp-content\/uploads\/2020\/08\/inCapriva-1024x680.jpg 1024w, https:\/\/marktmusik-treffen.at\/wordpress\/wp-content\/uploads\/2020\/08\/inCapriva-300x199.jpg 300w, https:\/\/marktmusik-treffen.at\/wordpress\/wp-content\/uploads\/2020\/08\/inCapriva-768x510.jpg 768w, https:\/\/marktmusik-treffen.at\/wordpress\/wp-content\/uploads\/2020\/08\/inCapriva-1536x1020.jpg 1536w, https:\/\/marktmusik-treffen.at\/wordpress\/wp-content\/uploads\/2020\/08\/inCapriva-800x531.jpg 800w, https:\/\/marktmusik-treffen.at\/wordpress\/wp-content\/uploads\/2020\/08\/inCapriva.jpg 1784w\" sizes=\"(max-width: 1024px) 100vw, 1024px\" \/><\/figure><\/li><li class=\"blocks-gallery-item\"><figure><img decoding=\"async\" width=\"1024\" height=\"683\" src=\"https:\/\/marktmusik-treffen.at\/wordpress\/wp-content\/uploads\/2020\/08\/luschari-1024x683.jpg\" alt=\"\" data-id=\"220\" data-full-url=\"https:\/\/marktmusik-treffen.at\/wordpress\/wp-content\/uploads\/2020\/08\/luschari.jpg\" data-link=\"https:\/\/marktmusik-treffen.at\/wordpress\/index.php\/freundschaft-grenzenlos\/luschari\/\" class=\"wp-image-220\" srcset=\"https:\/\/marktmusik-treffen.at\/wordpress\/wp-content\/uploads\/2020\/08\/luschari-1024x683.jpg 1024w, https:\/\/marktmusik-treffen.at\/wordpress\/wp-content\/uploads\/2020\/08\/luschari-300x200.jpg 300w, https:\/\/marktmusik-treffen.at\/wordpress\/wp-content\/uploads\/2020\/08\/luschari-768x512.jpg 768w, https:\/\/marktmusik-treffen.at\/wordpress\/wp-content\/uploads\/2020\/08\/luschari-1536x1024.jpg 1536w, https:\/\/marktmusik-treffen.at\/wordpress\/wp-content\/uploads\/2020\/08\/luschari-800x533.jpg 800w, https:\/\/marktmusik-treffen.at\/wordpress\/wp-content\/uploads\/2020\/08\/luschari.jpg 2048w\" sizes=\"(max-width: 1024px) 100vw, 1024px\" \/><\/figure><\/li><\/ul><\/figure>\n\n\n<p><strong><span class=\"has-inline-color has-accent-color\">Bisherige Aktivit\u00e4ten:<\/span><\/strong><\/p>\n<p><span class=\"has-inline-color has-accent-color\"><strong>1995<\/strong><\/span><strong><span class=\"has-inline-color has-accent-color\">:<\/span><\/strong> Gemeinschaftskonzert in Treffen<\/p>\n<p><strong><span class=\"has-inline-color has-accent-color\">21. &#8211; 23. Juli 2000:<\/span><\/strong> Fahrt nach \u00d6hringen<\/p>\n<p><strong><span class=\"has-inline-color has-accent-color\">7. &#8211; 9. Dezember 2001:<\/span><\/strong> Alpenl\u00e4ndische Weihnacht in \u00d6hringen<\/p>\n<p><span class=\"has-inline-color has-accent-color\"><strong>Sommer 2003:<\/strong><\/span> \u00d6hringer in Treffen &#8211; Gemeinschaftskonzert auf der Burg Landskron<\/p>\n<p><strong><span class=\"has-inline-color has-accent-color\">Winter 2003:<\/span><\/strong> Ehrenwerte \u00d6hringer-Abordnung auf Winterurlaub in Treffen<\/p>\n<p><strong><span class=\"has-inline-color has-accent-color\">30. Sept. &#8211; 2. Okt. 2005:<\/span><\/strong> 10 Jahre Partnerschaftsfeier in \u00d6hringen<\/p>\n<p><strong><span class=\"has-inline-color has-accent-color\">26. &#8211; 27. Juni 2006: <\/span><\/strong>\u00d6hringer in Treffen-20 Jahre Marktmusik Treffen<\/p>\n<p><strong><span class=\"has-inline-color has-accent-color\">28. &#8211; 30. September 2007:<\/span><\/strong> Treffner in \u00d6hringen<\/p>\n<p><strong><span class=\"has-inline-color has-accent-color\">25. &#8211; 27. Juli 2008: <\/span><\/strong>\u00d6hringer in Treffen-Weinfest in Seepark Annenheim<\/p>\n<p><strong><span class=\"has-inline-color has-accent-color\">24. &#8211; 26. Juli 2009:<\/span><\/strong> Stadtfest in \u00d6hringen &#8211; es war wieder ein wahnsinn<\/p>\n<p><span class=\"has-inline-color has-accent-color\"><strong>20.09.2009:<\/strong><\/span> Kulturnacht in \u00d6hringen Er\u00f6fnung mit Saxophon Duo DI. <br \/>Seymann Christof und Martin Gasser<\/p>\n<p><strong><span class=\"has-inline-color has-accent-color\">01.Mai 2010:<\/span><\/strong> Fam. Reiner besuchte das 1 Mai Konzert der Staka<\/p>\n<p><strong>4. &#8211; 6. Juni 2010: <\/strong>Mitwirkung beim Benefizkonzert f\u00fcr Gro\u00dfenhain von Arnulf, Michael, Helmut, Markus, Birgit und Christl 2010 im Juli, August und Sep. haben Kathrin und Marlies ein Praktikum beim F\u00fcrsten im Weingut gemacht<\/p>\n<p><strong><span class=\"has-inline-color has-accent-color\">04.12.2010: <\/span><\/strong>Jahreskonzert in der Kultura zu neunt besuchten wir die Veranstaltung<\/p>\n<p><strong><span class=\"has-inline-color has-accent-color\">28.Mai 2011:<\/span><\/strong> \u00d6hringen in Treffen 25 Jahre MM-Treffen. Es ist toll solch Freunde zu haben.<\/p>\n<p><strong><span class=\"has-inline-color has-accent-color\">04.11.2011:<\/span><\/strong> Besuch von Hans u. Gernot bei den Kulturtagen Aufgspiellt und a bissl gred<\/p>\n<p><strong><span class=\"has-inline-color has-accent-color\">27 bis 29.07.2012:<\/span><\/strong> Weinfest mit Radio Fr\u00fchschoppen &#8211; 39 Musiker(innen) waren da a echter Wahnsinn. Danke,Danke,danke&#8230;.<\/p>\n<p><strong><span class=\"has-inline-color has-accent-color\">07 bis 09.06.2013:<\/span><\/strong> Genie\u00dfer Dorf Er\u00f6ffnung mit 24 Musiker\/innen waren wir In \u00d6hringen, jeden Tag ein musikalischer Auftritt , Er\u00f6ffnung, Partnerschaft und Fr\u00fchschoppenkonzert. Zwischendrin eine Wanderung durch<br \/>die Weinberge und Einkehr in der Weinkellerei Birkert. Es war super.<\/p>\n<p><strong><span class=\"has-inline-color has-accent-color\">05.bis 07.09.2014:<\/span><\/strong> Fahrt nach Gro\u00dfenhain mit \u00d6hringen. Gemeinsame Auftritte und Umzug (ca. 2,5 km). Sch\u00f6nstes Wetter, gute Laune mit sehr viel Spa\u00df. Wir waren im TV zu sehen. Es war mal wider richtig toll.<\/p>\n<p><strong><span class=\"has-inline-color has-accent-color\">22.11.2014:<\/span><\/strong> Konzert in Treffen bei den Kulturtagen Freundschaft Grenzenlos im Hotel EduCare<\/p>\n<p><strong><span class=\"has-inline-color has-accent-color\">05.12.2014: <\/span><\/strong>Konzert in \u00d6hringen Jahresabschluss Freundschaft Grenzenlos in der Kultura<\/p>\n<p><strong><span class=\"has-inline-color has-accent-color\">25 &#8211; 27.09.2015:<\/span><\/strong> Er\u00f6ffnung der Dauerkartenverkaufs in \u00d6hringen zur Landesgartenschau mit der Bauernkapelle. Es wurde ein Ausschnitt im Fernsehen gebracht.<\/p>\n<p><strong><span class=\"has-inline-color has-accent-color\">12 &#8211; 13.02.2016: <\/span><\/strong>Hans, Gernot und KIWI waren zur Jahreshauptversammlung da.<\/p>\n<p><strong><span class=\"has-inline-color has-accent-color\">29.05.2016:<\/span><\/strong> Trachten Umzug bei der Landesgartenschau, Heidi und Kathrin sind als Marketenderinnen bei der Stadtkapelle mitgegangen.<\/p>\n<p><strong><span class=\"has-inline-color has-accent-color\">05.06.2016: <\/span><\/strong>Jubil\u00e4ums Fr\u00fchschoppen &#8211; Eine Abordnung der STAKA \u00d6hringen mit KIWI sind f\u00fcr einen Tag gekommen. Danke!<\/p>\n<p><strong><span class=\"has-inline-color has-accent-color\">28. bis 30.07.2017<\/span><\/strong> Weindorf im Seepark mit unseren Freunden aus \u00d6hringen.<br \/>Eine gemeinsame Wanderung auf den Monte Luschari, war f\u00fcr viele eine heraus Forderung. Es war ein sch\u00f6nes Wochenende und es ist toll solch Freunde zu haben.<\/p>\n<p><strong><span class=\"has-inline-color has-accent-color\">26. bis 29.07.2018:<\/span><\/strong> Gemeinsame Konzertreise nach Capriva und Grado.<br \/>Ein gemeinsamer Ausflug mit musikalischer Umrahmung bei der Partnerschaft in Capriva. Baden im Meer bei Grado, Besichtigung von Aquil\u00e4a und viel viel viel spass&#8230;..<\/p>\n<p><strong><span class=\"has-inline-color has-accent-color\">08.12.2018:<\/span><\/strong> Verena Grolitsch und Elisabeth Meixner besuchten das Jahreskonzert der STAKA in \u00d6hringen<\/p>\n<p><strong><span class=\"has-inline-color has-accent-color\">17. bis 19.05.2019:<\/span><\/strong> 4. Hohenloher Genie\u00dferdorf: Heidi, Helmut und Lauter Peter bewirtschaften einen Stand<\/p>\n<p><strong><span class=\"has-inline-color has-accent-color\">2020 bis 2021:<\/span><\/strong> wenig kontakt wegen CORONA<\/p>\n<p><strong><span class=\"has-inline-color has-accent-color\">19.05. &#8211; 22.05.2022: <\/span><\/strong>Wirtschaftsmesse mit Partnerschaftswochenende.<br \/>Die komplette MMT fuhr mit der Gemeinde nach \u00d6hringen f\u00fcr ein Wochenende. Wir \u00fcberreichten mit einem eigenen geschriebenen Lied von Kathrin, live vorgetragen von Marisa, Lisa, Lisl und Kathrin, ein Geschenk f\u00fcr 20 Jahre Freundschaft.<br \/>Peter, Lisbeth, Heidi, Helmut und Ingo betrieben auf der Messe einen Versorgungsstand, 4 Tage lang.Wir bekamen zu unseren beiden Musikalischen Abendessen am <strong><span class=\"has-inline-color has-accent-color\">19.07.<\/span><\/strong> und <strong><span class=\"has-inline-color has-accent-color\">09.08.2022 <\/span><\/strong>musikalische Unterst\u00fctzung von Hans, Fritz, Gernot, Michi, weiters kamen auch Harald, Stefan, Hannes und Debora mit.<br \/>OB Michler, Kiwi und Angelika waren beim 2 Musikalischen Abendessen mit einer gro\u00dfz\u00fcgigen Spende f\u00fcr die Gemeinde auch hier.<\/p>\n<p><strong><span class=\"has-inline-color has-accent-color\">2022:\u00a0 So ein Jahr werden wir nicht so schnell vergessen.\u00a0<\/span><\/strong><\/p>","protected":false},"excerpt":{"rendered":"<p>Partnerschaft Mit der Unterzeichnung der St\u00e4dtepartnerschaft zwischen \u00d6hringen und Treffen am 21. Oktober 1995 wurde auch die Partnerschaft zwischen den beiden Kapellen offiziell. Bisherige Aktivit\u00e4ten: 1995: Gemeinschaftskonzert in Treffen 21. &#8211; 23. Juli 2000: Fahrt nach \u00d6hringen 7. &#8211; 9. Dezember 2001: Alpenl\u00e4ndische Weihnacht in \u00d6hringen Sommer 2003: \u00d6hringer in Treffen &#8211; Gemeinschaftskonzert auf der [&hellip;]<\/p>\n","protected":false},"author":1,"featured_media":0,"parent":0,"menu_order":0,"comment_status":"closed","ping_status":"closed","template":"","meta":{"ngg_post_thumbnail":0,"footnotes":""},"class_list":["post-212","page","type-page","status-publish","hentry","no-featured-image"],"_links":{"self":[{"href":"https:\/\/marktmusik-treffen.at\/wordpress\/index.php\/wp-json\/wp\/v2\/pages\/212","targetHints":{"allow":["GET"]}}],"collection":[{"href":"https:\/\/marktmusik-treffen.at\/wordpress\/index.php\/wp-json\/wp\/v2\/pages"}],"about":[{"href":"https:\/\/marktmusik-treffen.at\/wordpress\/index.php\/wp-json\/wp\/v2\/types\/page"}],"author":[{"embeddable":true,"href":"https:\/\/marktmusik-treffen.at\/wordpress\/index.php\/wp-json\/wp\/v2\/users\/1"}],"replies":[{"embeddable":true,"href":"https:\/\/marktmusik-treffen.at\/wordpress\/index.php\/wp-json\/wp\/v2\/comments?post=212"}],"version-history":[{"count":17,"href":"https:\/\/marktmusik-treffen.at\/wordpress\/index.php\/wp-json\/wp\/v2\/pages\/212\/revisions"}],"predecessor-version":[{"id":481,"href":"https:\/\/marktmusik-treffen.at\/wordpress\/index.php\/wp-json\/wp\/v2\/pages\/212\/revisions\/481"}],"wp:attachment":[{"href":"https:\/\/marktmusik-treffen.at\/wordpress\/index.php\/wp-json\/wp\/v2\/media?parent=212"}],"curies":[{"name":"wp","href":"https:\/\/api.w.org\/{rel}","templated":true}]}}